{"id":4782,"date":"2023-11-28T15:16:44","date_gmt":"2023-11-28T15:16:44","guid":{"rendered":"https:\/\/www.eugeniobrito.cl\/biografia\/"},"modified":"2023-12-11T09:22:51","modified_gmt":"2023-12-11T09:22:51","slug":"chem-chumun-ni-mongen-mew","status":"publish","type":"page","link":"https:\/\/www.eugeniobrito.cl\/map-cl\/chem-chumun-ni-mongen-mew\/","title":{"rendered":"Chem chum\u00fcn \u00f1i mongen mew"},"content":{"rendered":"<section class=\"l-section wpb_row height_medium\"><div class=\"l-section-h i-cf\"><div class=\"g-cols vc_row via_grid cols_2 laptops-cols_inherit tablets-cols_inherit mobiles-cols_1 valign_top type_default stacking_default\"><div class=\"wpb_column vc_column_container type_sticky\"><div class=\"vc_column-inner\"><div class=\"w-post-elm post_image stretched\"><img loading=\"lazy\" decoding=\"async\" width=\"1024\" height=\"661\" src=\"https:\/\/www.eugeniobrito.cl\/wp-content\/uploads\/2022\/09\/IMAGE0009-1024x661.jpg\" class=\"attachment-large size-large wp-post-image\" alt=\"\" srcset=\"https:\/\/www.eugeniobrito.cl\/wp-content\/uploads\/2022\/09\/IMAGE0009-1024x661.jpg 1024w, https:\/\/www.eugeniobrito.cl\/wp-content\/uploads\/2022\/09\/IMAGE0009-300x194.jpg 300w, https:\/\/www.eugeniobrito.cl\/wp-content\/uploads\/2022\/09\/IMAGE0009.jpg 1928w\" sizes=\"auto, (max-width: 1024px) 100vw, 1024px\" \/><\/div><div class=\"w-image us_custom_703b2333 align_none\"><div class=\"w-image-h\"><img loading=\"lazy\" decoding=\"async\" width=\"733\" height=\"1024\" src=\"https:\/\/www.eugeniobrito.cl\/wp-content\/uploads\/2023\/12\/IMAGE00010-733x1024.jpg\" class=\"attachment-large size-large\" alt=\"\" srcset=\"https:\/\/www.eugeniobrito.cl\/wp-content\/uploads\/2023\/12\/IMAGE00010-733x1024.jpg 733w, https:\/\/www.eugeniobrito.cl\/wp-content\/uploads\/2023\/12\/IMAGE00010-215x300.jpg 215w, https:\/\/www.eugeniobrito.cl\/wp-content\/uploads\/2023\/12\/IMAGE00010.jpg 1487w\" sizes=\"auto, (max-width: 733px) 100vw, 733px\" \/><\/div><\/div><\/div><\/div><div class=\"wpb_column vc_column_container\"><div class=\"vc_column-inner\"><h1 class=\"w-text\"><span class=\"w-text-h\"><span class=\"w-text-value\">Eugenio Brito Honorato<\/span><\/span><\/h1><div class=\"wpb_text_column\"><div class=\"wpb_wrapper\"><blockquote>\n<p>Pingefuchi wentru, dewmakey fill adentun, tulwe mew, trafla rak\u00fcm mew, ka w\u00fcd\u00fckakefuy. T\u00fcfa llegi mari kechu konchi Junio k\u00fcyen mew, ki\u00f1e warangka aylla pataka epu mari pura konchi tripantu mew. Mari meli tripantu m\u00fcten puw\u00fcl-lu llituy \u00f1i dewmafiel adentun ka m\u00fcm\u00fclkakefuy, feymu ta\u00f1i epu f\u00fctalke che tukueyu Bellas Artes chillkatuwemu, Vi\u00f1a del Mar 1942 konchi tripantu mew. Feychi chillkatun mew doy al\u00fc amuy ta\u00f1i kim\u00fcn ka ad\u00fcmfiel t\u00fcfachi dewman adentun, ta\u00f1i pu maestro Arturo Gordon, Roko Matjasic ka Enrique Mosella eg\u00fcn ta\u00f1i kimeletew. Feychi entuy \u201cMaestro de Arte\u201d t\u00edtulo.<\/p>\n<\/blockquote>\n<p>1953 konchi tripantu mew, Italiano gobierno elueyu ran ta\u00f1i chillkatumeael Escuela Estatal de Artes cer\u00e1mica Richard Ginori mew, Florencia,\u00a0 ta\u00f1i doy amuam \u00f1i kim\u00fcn wid\u00fckan k\u00fczaw mew. 1954 konchi tripantu mew m\u00fclenagpuy Paris, chew ta kelluntukupufi wid\u00fckanmu Geoge Jouve. Ka t\u00fcfachi tripantu mew kimpufi ki\u00f1e kurewen\u00a0 Suzanne y George Rami\u00e8, t\u00fcfa engu fawp\u00fcle pieyu Taller Madoura mew, chew ta ka kimpufi Pablo Picasso. Feychi tripantu mew agosto k\u00fcyenmu kisu pengeli ta\u00f1i k\u00fcdaw La Salle de la Marie en Vallauris mew, chew ta kelluntukueyu P. Picasso ta\u00f1i pe\u00f1mangeam \u00f1i k\u00fcdaw. Fey w\u00fcla fey amuy Espa\u00f1a, Belgica,Paises bajos, Luxemburgo ka Suiza, amuy \u00f1i kimafiel pu Museo ka galer\u00eda de arte leliw\u00fclmefi\u00a0 ka kimefi ta f\u00fctake pu maestro ta\u00f1i k\u00fcdaw. Wi\u00f1otuy Chile mapu 1955 konchi tripantu mew.<\/p>\n<p>Akutulu Chile, m\u00fclenagpatuy Concepci\u00f3n wariamu chew ta fentren adentun dewmapatuy, fey pengeltukefi ta\u00f1i kimngeam, Concepci\u00f3n, Valparaiso ka Santiaw waria mew.<\/p>\n<p>1958 konchi tripantumu kellukoni revista Huachipato mew, ka niepatuy Taller \u201cLa cascada\u201d chew ta\u00f1i kisu ng\u00fcniefiel. Ka femuechi koni ki\u00f1e troki\u00f1 pu artista mew Corporaci\u00f3n Cultural \u201cArtista del Acero\u201d pingelu.<\/p>\n<p>Dewmafi tres Pascuala pingechi mural adentun, Radio sim\u00f3n Bolivar, ka itrotripa Kindergarten, Colegio Alem\u00e1nmu, Concepci\u00f3n m\u00fclechi mural adentun.<\/p>\n<p>1961 konchi tripantu mew concepci\u00f3n municipalidad elueyu ki\u00f1e premio, ta\u00f1i rume falintu\u00f1mangemum \u00f1i k\u00fcdaw.<\/p>\n<p>1964 konchi tripantu mew Jos\u00e9 Gonzalez Camarena m\u00fctr\u00fcmeyu ta\u00f1i kellu dewmayafiel \u201cLa Cultura es Patrimonio de Todas las razas\u201d pingechi adentun Museo Nacional de Antropologiamu, Chapultepec, Mexico mew. Amuley \u00f1i ki\u00f1ew\u00fcn dewman adentun Gonzalez Camarena engu fey dewmayngu Presencia de Am\u00e9rica Latina pingechi mural, Casa de Arte de la universidad de Concepci\u00f3n mew.<\/p>\n<p>1966 konchi tripantu mew kimeltufengepuy chillkatuwe mu Vi\u00f1a del Mar, Escuela de Bellas Artes ka Universidades Federico Santa Mar\u00eda ka Universidad de Chile, Valpara\u00edso.<\/p>\n<p>Museo Nacional de Bellas Artes, Santiago waria mew pengelpuy \u00f1i k\u00fcdaw 1969 konchi tripantu mew, epe afchi feychi tripantu fawp\u00fcle pingey Mexico pa\u00eds, ta\u00f1i pengelmeam \u00f1i k\u00fcdaw. Salones de O.P.I.C., Museo de Bellas Artesmu D.F., Museo de Arte Modernomu D.F. 1970 konchitripantu mew amuley \u00f1i pengel\u00fcn \u00f1i puke adentun, fey Galer\u00eda de Arte Mexicano mew, Galer\u00eda de Arte Hemisphere Center, San Antonio, Texas, Estados Unidos ngemey \u00f1i pengel\u00fcn \u00f1i adentun.<\/p>\n<p>1971 konchi tripantu mew koni \u00f1i pengelael ng\u00fclarnak\u00fcm dewkechi adentun \u201cGrabados Chilenos\u201d Museo Bellas artes mew Buenos Aires. 1972 konchi tripantu mew, dewmay al\u00fcn mural Universidad Federico Santa Mar\u00eda ka Universidad Cat\u00f3lica de Valpara\u00edso mew.<\/p>\n<p>Ape aflu 1975 konchi tripantu koni \u00f1i ng\u00fcneafiel escuela de Artes Universidad de concepci\u00f3n. 1978 konchi tripantu mew pengeli \u00f1i puke adentun Museo de Artes Conteporaneo mew. 1979 konchi tripantu mewdewmayfi \u201cHacia la luz del Conocimiento\u201d pingechi adentun mural, Universidad Federico Santa Mariamu, Talcahuano.<\/p>\n<p>Doy inangechi dewmael chi\u00a0 mural Iglesia Rere mew dewmafi, Yumbel m\u00fclechi pichi waria, 1981 konchi tripantu mew, Fiwfiw mapu mew.<\/p>\n<p>Fewla konk\u00fclepachi pura mari troki\u00f1 tripantu pepikay ta\u00f1i troki\u00f1 dewman adentun, \u201cDivertimentos\u201d pingelu, t\u00fcfa fey pengelngey diciembre k\u00fcyenmu. Kisu fey mapungetuy mari kechu konchidiciembre k\u00fcyen, m\u00fc\u00f1al epe seray \u00f1i pengelngen ta\u00f1i puke adentun.<\/p>\n<\/div><\/div><\/div><\/div><\/div><\/div><\/section>\n","protected":false},"excerpt":{"rendered":"Eugenio Brito HonoratoPingefuchi wentru, dewmakey fill adentun, tulwe mew, trafla rak\u00fcm mew, ka w\u00fcd\u00fckakefuy. T\u00fcfa llegi mari kechu konchi Junio k\u00fcyen mew, ki\u00f1e warangka aylla pataka epu mari pura konchi tripantu mew. Mari meli tripantu m\u00fcten puw\u00fcl-lu llituy \u00f1i dewmafiel adentun ka m\u00fcm\u00fclkakefuy, feymu ta\u00f1i epu f\u00fctalke che tukueyu Bellas Artes chillkatuwemu, Vi\u00f1a del Mar...","protected":false},"author":1,"featured_media":1666,"parent":0,"menu_order":0,"comment_status":"closed","ping_status":"closed","template":"","meta":{"footnotes":""},"class_list":["post-4782","page","type-page","status-publish","has-post-thumbnail","hentry"],"acf":[],"_links":{"self":[{"href":"https:\/\/www.eugeniobrito.cl\/map-cl\/wp-json\/wp\/v2\/pages\/4782","targetHints":{"allow":["GET"]}}],"collection":[{"href":"https:\/\/www.eugeniobrito.cl\/map-cl\/wp-json\/wp\/v2\/pages"}],"about":[{"href":"https:\/\/www.eugeniobrito.cl\/map-cl\/wp-json\/wp\/v2\/types\/page"}],"author":[{"embeddable":true,"href":"https:\/\/www.eugeniobrito.cl\/map-cl\/wp-json\/wp\/v2\/users\/1"}],"replies":[{"embeddable":true,"href":"https:\/\/www.eugeniobrito.cl\/map-cl\/wp-json\/wp\/v2\/comments?post=4782"}],"version-history":[{"count":6,"href":"https:\/\/www.eugeniobrito.cl\/map-cl\/wp-json\/wp\/v2\/pages\/4782\/revisions"}],"predecessor-version":[{"id":5291,"href":"https:\/\/www.eugeniobrito.cl\/map-cl\/wp-json\/wp\/v2\/pages\/4782\/revisions\/5291"}],"wp:featuredmedia":[{"embeddable":true,"href":"https:\/\/www.eugeniobrito.cl\/map-cl\/wp-json\/wp\/v2\/media\/1666"}],"wp:attachment":[{"href":"https:\/\/www.eugeniobrito.cl\/map-cl\/wp-json\/wp\/v2\/media?parent=4782"}],"curies":[{"name":"wp","href":"https:\/\/api.w.org\/{rel}","templated":true}]}}