{"id":5188,"date":"2023-12-04T13:56:44","date_gmt":"2023-12-04T13:56:44","guid":{"rendered":"https:\/\/www.eugeniobrito.cl\/pinturas\/"},"modified":"2023-12-10T22:40:36","modified_gmt":"2023-12-10T22:40:36","slug":"dewman-adentun","status":"publish","type":"page","link":"https:\/\/www.eugeniobrito.cl\/map-cl\/dewman-adentun\/","title":{"rendered":"Dewman adentun"},"content":{"rendered":"<section class=\"l-section wpb_row height_medium\"><div class=\"l-section-h i-cf\"><div class=\"g-cols vc_row via_grid cols_1 laptops-cols_inherit tablets-cols_inherit mobiles-cols_1 valign_top type_default stacking_default\"><div class=\"wpb_column vc_column_container\"><div class=\"vc_column-inner\"><h1 class=\"w-post-elm post_title entry-title color_link_inherit\">Dewman adentun<\/h1><div class=\"w-grid type_masonry layout_107 cols_3 with_pagination with_isotope\" id=\"us_grid_1\" style=\"--gap:1rem;\" data-filterable=\"true\"><style>@media (max-width:1024px){#us_grid_1 .w-grid-item{width:50%}}@media (max-width:600px){#us_grid_1 .w-grid-item{width:50%}}.layout_107 .w-grid-item-h{}.layout_107 .usg_post_title_1{font-size:0.85rem!important;line-height:1.2!important}.layout_107 .usg_vwrapper_1{background:#f2f1eb!important;padding:1rem 1rem 1.5rem 1rem!important}.layout_107 .usg_post_taxonomy_1{font-size:0.65rem!important;text-transform:uppercase!important}.layout_107 .usg_post_taxonomy_2{font-size:0.65rem!important;text-transform:uppercase!important}<\/style><div class=\"w-grid-list\">\t<article class=\"w-grid-item size_1x1 post-4987 obras type-obras status-publish has-post-thumbnail hentry registro-si-map-cl tecnica-oleo-sobre-carton-map-cl ano-1955-map-cl archivos-dewman-adentun-map-cl\" data-id=\"4987\">\r\n\t\t<div class=\"w-grid-item-h\">\r\n\t\t\t\t\t\t<div class=\"w-post-elm post_image usg_post_image_1 stretched\"><a href=\"https:\/\/www.eugeniobrito.cl\/map-cl\/obras\/tetre-ni-plaza\/\" aria-label=\"Tetre \u00f1i Plaza\"><img loading=\"lazy\" decoding=\"async\" width=\"863\" height=\"1024\" src=\"https:\/\/www.eugeniobrito.cl\/wp-content\/uploads\/2023\/11\/136-863x1024.jpg\" class=\"attachment-large size-large wp-post-image\" alt=\"\" srcset=\"https:\/\/www.eugeniobrito.cl\/wp-content\/uploads\/2023\/11\/136-863x1024.jpg 863w, https:\/\/www.eugeniobrito.cl\/wp-content\/uploads\/2023\/11\/136-253x300.jpg 253w\" sizes=\"auto, (max-width: 863px) 100vw, 863px\" \/><\/a><\/div><div class=\"w-vwrapper usg_vwrapper_1 align_none valign_top\" style=\"--vwrapper-gap:0.2rem\"><p class=\"w-post-elm post_title usg_post_title_1 entry-title color_link_inherit\"><a href=\"https:\/\/www.eugeniobrito.cl\/map-cl\/obras\/tetre-ni-plaza\/\">Tetre \u00f1i Plaza<\/a><\/p><div class=\"w-post-elm post_taxonomy usg_post_taxonomy_1 style_simple color_link_inherit\"><span class=\"term-227 term-oleo-sobre-carton-map-cl\">\u00d3leo sobre cart\u00f3n<\/span><\/div><div class=\"w-post-elm post_taxonomy usg_post_taxonomy_2 style_simple color_link_inherit\"><span class=\"term-225 term-1955-map-cl\">1955<\/span><\/div><\/div>\t\t<\/div>\r\n\t<\/article>\r\n\t<article class=\"w-grid-item size_1x1 post-4965 obras type-obras status-publish has-post-thumbnail hentry registro-si-map-cl tecnica-muda-tulwe-wente-panu-map-cl ano-1962-map-cl archivos-dewman-adentun-map-cl\" data-id=\"4965\">\r\n\t\t<div class=\"w-grid-item-h\">\r\n\t\t\t\t\t\t<div class=\"w-post-elm post_image usg_post_image_1 stretched\"><a href=\"https:\/\/www.eugeniobrito.cl\/map-cl\/obras\/troltro\/\" aria-label=\"Troltro\"><img loading=\"lazy\" decoding=\"async\" width=\"1024\" height=\"713\" src=\"https:\/\/www.eugeniobrito.cl\/wp-content\/uploads\/2023\/11\/126-1024x713.jpg\" class=\"attachment-large size-large wp-post-image\" alt=\"\" srcset=\"https:\/\/www.eugeniobrito.cl\/wp-content\/uploads\/2023\/11\/126-1024x713.jpg 1024w, https:\/\/www.eugeniobrito.cl\/wp-content\/uploads\/2023\/11\/126-300x209.jpg 300w\" sizes=\"auto, (max-width: 1024px) 100vw, 1024px\" \/><\/a><\/div><div class=\"w-vwrapper usg_vwrapper_1 align_none valign_top\" style=\"--vwrapper-gap:0.2rem\"><p class=\"w-post-elm post_title usg_post_title_1 entry-title color_link_inherit\"><a href=\"https:\/\/www.eugeniobrito.cl\/map-cl\/obras\/troltro\/\">Troltro<\/a><\/p><div class=\"w-post-elm post_taxonomy usg_post_taxonomy_1 style_simple color_link_inherit\"><span class=\"term-139 term-muda-tulwe-wente-panu-map-cl\">M\u00fcda tulwe wente pa\u00f1u<\/span><\/div><div class=\"w-post-elm post_taxonomy usg_post_taxonomy_2 style_simple color_link_inherit\"><span class=\"term-140 term-1962-map-cl\">1962<\/span><\/div><\/div>\t\t<\/div>\r\n\t<\/article>\r\n\t<article class=\"w-grid-item size_1x1 post-4710 obras type-obras status-publish has-post-thumbnail hentry coleccion-pinacoteca-universidad-de-concepcion-map-cl registro-si-map-cl tecnica-muda-tulwe-wente-panu-map-cl ano-1963-map-cl archivos-dewman-adentun-map-cl\" data-id=\"4710\">\r\n\t\t<div class=\"w-grid-item-h\">\r\n\t\t\t\t\t\t<div class=\"w-post-elm post_image usg_post_image_1 stretched\"><a href=\"https:\/\/www.eugeniobrito.cl\/map-cl\/obras\/jaulas\/\" aria-label=\"Pichike malal\"><img loading=\"lazy\" decoding=\"async\" width=\"1024\" height=\"659\" src=\"https:\/\/www.eugeniobrito.cl\/wp-content\/uploads\/2023\/11\/115-1024x659.jpg\" class=\"attachment-large size-large wp-post-image\" alt=\"\" srcset=\"https:\/\/www.eugeniobrito.cl\/wp-content\/uploads\/2023\/11\/115-1024x659.jpg 1024w, https:\/\/www.eugeniobrito.cl\/wp-content\/uploads\/2023\/11\/115-300x193.jpg 300w\" sizes=\"auto, (max-width: 1024px) 100vw, 1024px\" \/><\/a><\/div><div class=\"w-vwrapper usg_vwrapper_1 align_none valign_top\" style=\"--vwrapper-gap:0.2rem\"><p class=\"w-post-elm post_title usg_post_title_1 entry-title color_link_inherit\"><a href=\"https:\/\/www.eugeniobrito.cl\/map-cl\/obras\/jaulas\/\">Pichike malal<\/a><\/p><div class=\"w-post-elm post_taxonomy usg_post_taxonomy_1 style_simple color_link_inherit\"><span class=\"term-139 term-muda-tulwe-wente-panu-map-cl\">M\u00fcda tulwe wente pa\u00f1u<\/span><\/div><div class=\"w-post-elm post_taxonomy usg_post_taxonomy_2 style_simple color_link_inherit\"><span class=\"term-146 term-1963-map-cl\">1963<\/span><\/div><\/div>\t\t<\/div>\r\n\t<\/article>\r\n\t<article class=\"w-grid-item size_1x1 post-4711 obras type-obras status-publish has-post-thumbnail hentry registro-si-map-cl tecnica-muda-tulwe-wente-panu-map-cl ano-1963-map-cl archivos-dewman-adentun-map-cl\" data-id=\"4711\">\r\n\t\t<div class=\"w-grid-item-h\">\r\n\t\t\t\t\t\t<div class=\"w-post-elm post_image usg_post_image_1 stretched\"><a href=\"https:\/\/www.eugeniobrito.cl\/map-cl\/obras\/malalkonkulechi-pu-unum-muda-tulwemu-dewchi-adentun\/\" aria-label=\"Malalkonk\u00fclechi pu \u00fc\u00f1\u00fcm, m\u00fcda tulwemu dewchi adentun\"><img loading=\"lazy\" decoding=\"async\" width=\"1024\" height=\"628\" src=\"https:\/\/www.eugeniobrito.cl\/wp-content\/uploads\/2023\/11\/114-1024x628.jpg\" class=\"attachment-large size-large wp-post-image\" alt=\"\" srcset=\"https:\/\/www.eugeniobrito.cl\/wp-content\/uploads\/2023\/11\/114-1024x628.jpg 1024w, https:\/\/www.eugeniobrito.cl\/wp-content\/uploads\/2023\/11\/114-300x184.jpg 300w\" sizes=\"auto, (max-width: 1024px) 100vw, 1024px\" \/><\/a><\/div><div class=\"w-vwrapper usg_vwrapper_1 align_none valign_top\" style=\"--vwrapper-gap:0.2rem\"><p class=\"w-post-elm post_title usg_post_title_1 entry-title color_link_inherit\"><a href=\"https:\/\/www.eugeniobrito.cl\/map-cl\/obras\/malalkonkulechi-pu-unum-muda-tulwemu-dewchi-adentun\/\">Malalkonk\u00fclechi pu \u00fc\u00f1\u00fcm, m\u00fcda tulwemu dewchi adentun<\/a><\/p><div class=\"w-post-elm post_taxonomy usg_post_taxonomy_1 style_simple color_link_inherit\"><span class=\"term-139 term-muda-tulwe-wente-panu-map-cl\">M\u00fcda tulwe wente pa\u00f1u<\/span><\/div><div class=\"w-post-elm post_taxonomy usg_post_taxonomy_2 style_simple color_link_inherit\"><span class=\"term-146 term-1963-map-cl\">1963<\/span><\/div><\/div>\t\t<\/div>\r\n\t<\/article>\r\n\t<article class=\"w-grid-item size_1x1 post-4939 obras type-obras status-publish has-post-thumbnail hentry registro-si-map-cl tecnica-muda-tulwe-wente-panu-map-cl ano-1963-map-cl archivos-dewman-adentun-map-cl\" data-id=\"4939\">\r\n\t\t<div class=\"w-grid-item-h\">\r\n\t\t\t\t\t\t<div class=\"w-post-elm post_image usg_post_image_1 stretched\"><a href=\"https:\/\/www.eugeniobrito.cl\/map-cl\/obras\/wampo-2\/\" aria-label=\"Wampo\"><img loading=\"lazy\" decoding=\"async\" width=\"819\" height=\"1024\" src=\"https:\/\/www.eugeniobrito.cl\/wp-content\/uploads\/2023\/11\/109-819x1024.jpg\" class=\"attachment-large size-large wp-post-image\" alt=\"\" srcset=\"https:\/\/www.eugeniobrito.cl\/wp-content\/uploads\/2023\/11\/109-819x1024.jpg 819w, https:\/\/www.eugeniobrito.cl\/wp-content\/uploads\/2023\/11\/109-240x300.jpg 240w, https:\/\/www.eugeniobrito.cl\/wp-content\/uploads\/2023\/11\/109.jpg 2047w\" sizes=\"auto, (max-width: 819px) 100vw, 819px\" \/><\/a><\/div><div class=\"w-vwrapper usg_vwrapper_1 align_none valign_top\" style=\"--vwrapper-gap:0.2rem\"><p class=\"w-post-elm post_title usg_post_title_1 entry-title color_link_inherit\"><a href=\"https:\/\/www.eugeniobrito.cl\/map-cl\/obras\/wampo-2\/\">Wampo<\/a><\/p><div class=\"w-post-elm post_taxonomy usg_post_taxonomy_1 style_simple color_link_inherit\"><span class=\"term-139 term-muda-tulwe-wente-panu-map-cl\">M\u00fcda tulwe wente pa\u00f1u<\/span><\/div><div class=\"w-post-elm post_taxonomy usg_post_taxonomy_2 style_simple color_link_inherit\"><span class=\"term-146 term-1963-map-cl\">1963<\/span><\/div><\/div>\t\t<\/div>\r\n\t<\/article>\r\n\t<article class=\"w-grid-item size_1x1 post-4933 obras type-obras status-publish has-post-thumbnail hentry coleccion-cia-acero-del-pacifico-map-cl registro-si-map-cl tecnica-muda-tulwe-wente-panu-map-cl ano-1962-map-cl archivos-dewman-adentun-map-cl\" data-id=\"4933\">\r\n\t\t<div class=\"w-grid-item-h\">\r\n\t\t\t\t\t\t<div class=\"w-post-elm post_image usg_post_image_1 stretched\"><a href=\"https:\/\/www.eugeniobrito.cl\/map-cl\/obras\/pun-industrial\/\" aria-label=\"Pun industrial\"><img loading=\"lazy\" decoding=\"async\" width=\"1024\" height=\"587\" src=\"https:\/\/www.eugeniobrito.cl\/wp-content\/uploads\/2023\/11\/105-1024x587.jpg\" class=\"attachment-large size-large wp-post-image\" alt=\"\" srcset=\"https:\/\/www.eugeniobrito.cl\/wp-content\/uploads\/2023\/11\/105-1024x587.jpg 1024w, https:\/\/www.eugeniobrito.cl\/wp-content\/uploads\/2023\/11\/105-300x172.jpg 300w\" sizes=\"auto, (max-width: 1024px) 100vw, 1024px\" \/><\/a><\/div><div class=\"w-vwrapper usg_vwrapper_1 align_none valign_top\" style=\"--vwrapper-gap:0.2rem\"><p class=\"w-post-elm post_title usg_post_title_1 entry-title color_link_inherit\"><a href=\"https:\/\/www.eugeniobrito.cl\/map-cl\/obras\/pun-industrial\/\">Pun industrial<\/a><\/p><div class=\"w-post-elm post_taxonomy usg_post_taxonomy_1 style_simple color_link_inherit\"><span class=\"term-139 term-muda-tulwe-wente-panu-map-cl\">M\u00fcda tulwe wente pa\u00f1u<\/span><\/div><div class=\"w-post-elm post_taxonomy usg_post_taxonomy_2 style_simple color_link_inherit\"><span class=\"term-140 term-1962-map-cl\">1962<\/span><\/div><\/div>\t\t<\/div>\r\n\t<\/article>\r\n\t<article class=\"w-grid-item size_1x1 post-4707 obras type-obras status-publish has-post-thumbnail hentry registro-si-map-cl tecnica-muda-tulwe-wente-panu-map-cl ano-1962-map-cl archivos-dewman-adentun-map-cl\" data-id=\"4707\">\r\n\t\t<div class=\"w-grid-item-h\">\r\n\t\t\t\t\t\t<div class=\"w-post-elm post_image usg_post_image_1 stretched\"><a href=\"https:\/\/www.eugeniobrito.cl\/map-cl\/obras\/kisu-ni-adentuwun\/\" aria-label=\"Kisu \u00f1i adentuw\u00fcn\"><img loading=\"lazy\" decoding=\"async\" width=\"781\" height=\"1024\" src=\"https:\/\/www.eugeniobrito.cl\/wp-content\/uploads\/2023\/11\/94-781x1024.jpg\" class=\"attachment-large size-large wp-post-image\" alt=\"\" srcset=\"https:\/\/www.eugeniobrito.cl\/wp-content\/uploads\/2023\/11\/94-781x1024.jpg 781w, https:\/\/www.eugeniobrito.cl\/wp-content\/uploads\/2023\/11\/94-229x300.jpg 229w, https:\/\/www.eugeniobrito.cl\/wp-content\/uploads\/2023\/11\/94.jpg 1953w\" sizes=\"auto, (max-width: 781px) 100vw, 781px\" \/><\/a><\/div><div class=\"w-vwrapper usg_vwrapper_1 align_none valign_top\" style=\"--vwrapper-gap:0.2rem\"><p class=\"w-post-elm post_title usg_post_title_1 entry-title color_link_inherit\"><a href=\"https:\/\/www.eugeniobrito.cl\/map-cl\/obras\/kisu-ni-adentuwun\/\">Kisu \u00f1i adentuw\u00fcn<\/a><\/p><div class=\"w-post-elm post_taxonomy usg_post_taxonomy_1 style_simple color_link_inherit\"><span class=\"term-139 term-muda-tulwe-wente-panu-map-cl\">M\u00fcda tulwe wente pa\u00f1u<\/span><\/div><div class=\"w-post-elm post_taxonomy usg_post_taxonomy_2 style_simple color_link_inherit\"><span class=\"term-140 term-1962-map-cl\">1962<\/span><\/div><\/div>\t\t<\/div>\r\n\t<\/article>\r\n\t<article class=\"w-grid-item size_1x1 post-4889 obras type-obras status-publish has-post-thumbnail hentry registro-si-map-cl tecnica-muda-tulwe-wente-panu-map-cl ano-1962-map-cl archivos-dewman-adentun-map-cl\" data-id=\"4889\">\r\n\t\t<div class=\"w-grid-item-h\">\r\n\t\t\t\t\t\t<div class=\"w-post-elm post_image usg_post_image_1 stretched\"><a href=\"https:\/\/www.eugeniobrito.cl\/map-cl\/obras\/namkonkulechi-waria\/\" aria-label=\"\u00d1amkonk\u00fclechi waria\"><img loading=\"lazy\" decoding=\"async\" width=\"1024\" height=\"581\" src=\"https:\/\/www.eugeniobrito.cl\/wp-content\/uploads\/2023\/11\/83-1024x581.jpg\" class=\"attachment-large size-large wp-post-image\" alt=\"\" srcset=\"https:\/\/www.eugeniobrito.cl\/wp-content\/uploads\/2023\/11\/83-1024x581.jpg 1024w, https:\/\/www.eugeniobrito.cl\/wp-content\/uploads\/2023\/11\/83-300x170.jpg 300w\" sizes=\"auto, (max-width: 1024px) 100vw, 1024px\" \/><\/a><\/div><div class=\"w-vwrapper usg_vwrapper_1 align_none valign_top\" style=\"--vwrapper-gap:0.2rem\"><p class=\"w-post-elm post_title usg_post_title_1 entry-title color_link_inherit\"><a href=\"https:\/\/www.eugeniobrito.cl\/map-cl\/obras\/namkonkulechi-waria\/\">\u00d1amkonk\u00fclechi waria<\/a><\/p><div class=\"w-post-elm post_taxonomy usg_post_taxonomy_1 style_simple color_link_inherit\"><span class=\"term-139 term-muda-tulwe-wente-panu-map-cl\">M\u00fcda tulwe wente pa\u00f1u<\/span><\/div><div class=\"w-post-elm post_taxonomy usg_post_taxonomy_2 style_simple color_link_inherit\"><span class=\"term-140 term-1962-map-cl\">1962<\/span><\/div><\/div>\t\t<\/div>\r\n\t<\/article>\r\n\t<article class=\"w-grid-item size_1x1 post-4898 obras type-obras status-publish has-post-thumbnail hentry registro-si-map-cl tecnica-muda-tulwe-wente-panu-map-cl ano-1962-map-cl archivos-dewman-adentun-map-cl\" data-id=\"4898\">\r\n\t\t<div class=\"w-grid-item-h\">\r\n\t\t\t\t\t\t<div class=\"w-post-elm post_image usg_post_image_1 stretched\"><a href=\"https:\/\/www.eugeniobrito.cl\/map-cl\/obras\/namkonkulechi-waria-ni-pu-wenteruka\/\" aria-label=\"\u00d1amkonk\u00fclechi waria \u00f1i pu wenteruka\"><img loading=\"lazy\" decoding=\"async\" width=\"1024\" height=\"727\" src=\"https:\/\/www.eugeniobrito.cl\/wp-content\/uploads\/2023\/11\/82-1024x727.jpg\" class=\"attachment-large size-large wp-post-image\" alt=\"\" srcset=\"https:\/\/www.eugeniobrito.cl\/wp-content\/uploads\/2023\/11\/82-1024x727.jpg 1024w, https:\/\/www.eugeniobrito.cl\/wp-content\/uploads\/2023\/11\/82-300x213.jpg 300w\" sizes=\"auto, (max-width: 1024px) 100vw, 1024px\" \/><\/a><\/div><div class=\"w-vwrapper usg_vwrapper_1 align_none valign_top\" style=\"--vwrapper-gap:0.2rem\"><p class=\"w-post-elm post_title usg_post_title_1 entry-title color_link_inherit\"><a href=\"https:\/\/www.eugeniobrito.cl\/map-cl\/obras\/namkonkulechi-waria-ni-pu-wenteruka\/\">\u00d1amkonk\u00fclechi waria \u00f1i pu wenteruka<\/a><\/p><div class=\"w-post-elm post_taxonomy usg_post_taxonomy_1 style_simple color_link_inherit\"><span class=\"term-139 term-muda-tulwe-wente-panu-map-cl\">M\u00fcda tulwe wente pa\u00f1u<\/span><\/div><div class=\"w-post-elm post_taxonomy usg_post_taxonomy_2 style_simple color_link_inherit\"><span class=\"term-140 term-1962-map-cl\">1962<\/span><\/div><\/div>\t\t<\/div>\r\n\t<\/article>\r\n\t<article class=\"w-grid-item size_1x1 post-4887 obras type-obras status-publish has-post-thumbnail hentry registro-si-map-cl tecnica-muda-tulwe-wente-trafla-map-cl ano-1960-map-cl archivos-dewman-adentun-map-cl\" data-id=\"4887\">\r\n\t\t<div class=\"w-grid-item-h\">\r\n\t\t\t\t\t\t<div class=\"w-post-elm post_image usg_post_image_1 stretched\"><a href=\"https:\/\/www.eugeniobrito.cl\/map-cl\/obras\/kontulmo-mapu\/\" aria-label=\"Kontulmo mapu\"><img loading=\"lazy\" decoding=\"async\" width=\"1024\" height=\"723\" src=\"https:\/\/www.eugeniobrito.cl\/wp-content\/uploads\/2023\/11\/81-1024x723.jpg\" class=\"attachment-large size-large wp-post-image\" alt=\"\" srcset=\"https:\/\/www.eugeniobrito.cl\/wp-content\/uploads\/2023\/11\/81-1024x723.jpg 1024w, https:\/\/www.eugeniobrito.cl\/wp-content\/uploads\/2023\/11\/81-300x212.jpg 300w\" sizes=\"auto, (max-width: 1024px) 100vw, 1024px\" \/><\/a><\/div><div class=\"w-vwrapper usg_vwrapper_1 align_none valign_top\" style=\"--vwrapper-gap:0.2rem\"><p class=\"w-post-elm post_title usg_post_title_1 entry-title color_link_inherit\"><a href=\"https:\/\/www.eugeniobrito.cl\/map-cl\/obras\/kontulmo-mapu\/\">Kontulmo mapu<\/a><\/p><div class=\"w-post-elm post_taxonomy usg_post_taxonomy_1 style_simple color_link_inherit\"><span class=\"term-215 term-muda-tulwe-wente-trafla-map-cl\">M\u00fcda tulwe wente trafla<\/span><\/div><div class=\"w-post-elm post_taxonomy usg_post_taxonomy_2 style_simple color_link_inherit\"><span class=\"term-216 term-1960-map-cl\">1960<\/span><\/div><\/div>\t\t<\/div>\r\n\t<\/article>\r\n<\/div><div class=\"w-grid-preloader\"><div class=\"g-preloader type_1\">\r\n\t<div><\/div>\r\n<\/div>\r\n<\/div>\t\t<nav class=\"pagination navigation\" role=\"navigation\">\r\n\t\t\t<div class=\"nav-links\">\r\n\t\t\t\t<span aria-current=\"page\" class=\"page-numbers current\"><span>1<\/span><\/span>\n<a class=\"page-numbers\" href=\"https:\/\/www.eugeniobrito.cl\/map-cl\/wp-json\/wp\/v2\/pages\/5188\/page\/2\/\"><span>2<\/span><\/a>\n<a class=\"page-numbers\" href=\"https:\/\/www.eugeniobrito.cl\/map-cl\/wp-json\/wp\/v2\/pages\/5188\/page\/3\/\"><span>3<\/span><\/a>\n<a class=\"page-numbers\" href=\"https:\/\/www.eugeniobrito.cl\/map-cl\/wp-json\/wp\/v2\/pages\/5188\/page\/4\/\"><span>4<\/span><\/a>\n<span class=\"page-numbers dots\">&hellip;<\/span>\n<a class=\"page-numbers\" href=\"https:\/\/www.eugeniobrito.cl\/map-cl\/wp-json\/wp\/v2\/pages\/5188\/page\/6\/\"><span>6<\/span><\/a>\n<a class=\"next page-numbers\" href=\"https:\/\/www.eugeniobrito.cl\/map-cl\/wp-json\/wp\/v2\/pages\/5188\/page\/2\/\"><span>Next<\/span><\/a>\t\t\t<\/div>\r\n\t\t<\/nav>\r\n\t\t\t<div class=\"w-grid-json hidden\" onclick='return {&quot;action&quot;:&quot;us_ajax_grid&quot;,&quot;ajax_url&quot;:&quot;https:\\\/\\\/www.eugeniobrito.cl\\\/wp-admin\\\/admin-ajax.php&quot;,&quot;infinite_scroll&quot;:0,&quot;max_num_pages&quot;:6,&quot;pagination&quot;:&quot;regular&quot;,&quot;permalink_url&quot;:&quot;https:\\\/\\\/www.eugeniobrito.cl\\\/map-cl\\\/wp-json\\\/wp\\\/v2\\\/pages\\\/5188\\\/&quot;,&quot;template_vars&quot;:{&quot;columns&quot;:&quot;3&quot;,&quot;exclude_items&quot;:&quot;none&quot;,&quot;img_size&quot;:&quot;default&quot;,&quot;ignore_items_size&quot;:0,&quot;items_layout&quot;:&quot;107&quot;,&quot;items_offset&quot;:&quot;1&quot;,&quot;load_animation&quot;:&quot;none&quot;,&quot;overriding_link&quot;:&quot;%7B%22url%22%3A%22%22%7D&quot;,&quot;post_id&quot;:0,&quot;query_args&quot;:{&quot;post_type&quot;:[&quot;obras&quot;],&quot;tax_query&quot;:[{&quot;taxonomy&quot;:&quot;registro&quot;,&quot;field&quot;:&quot;slug&quot;,&quot;terms&quot;:[&quot;si&quot;]},{&quot;taxonomy&quot;:&quot;archivos&quot;,&quot;field&quot;:&quot;slug&quot;,&quot;terms&quot;:[&quot;acuarelas&quot;,&quot;pinturas&quot;,&quot;dewman-adentun-map-cl&quot;]}],&quot;post_status&quot;:[&quot;publish&quot;,&quot;acf-disabled&quot;],&quot;posts_per_page&quot;:&quot;10&quot;},&quot;orderby_query_args&quot;:{&quot;orderby&quot;:{&quot;date&quot;:&quot;DESC&quot;}},&quot;type&quot;:&quot;masonry&quot;,&quot;us_grid_ajax_index&quot;:1,&quot;us_grid_filter_params&quot;:null,&quot;us_grid_index&quot;:1,&quot;_us_grid_post_type&quot;:&quot;obras&quot;,&quot;page_args&quot;:[],&quot;lang&quot;:&quot;map-cl&quot;}}'><\/div>\r\n\t<\/div><\/div><\/div><\/div><\/div><\/section>\n","protected":false},"excerpt":{"rendered":"","protected":false},"author":1,"featured_media":0,"parent":0,"menu_order":0,"comment_status":"closed","ping_status":"closed","template":"","meta":{"footnotes":""},"class_list":["post-5188","page","type-page","status-publish","hentry"],"acf":[],"_links":{"self":[{"href":"https:\/\/www.eugeniobrito.cl\/map-cl\/wp-json\/wp\/v2\/pages\/5188","targetHints":{"allow":["GET"]}}],"collection":[{"href":"https:\/\/www.eugeniobrito.cl\/map-cl\/wp-json\/wp\/v2\/pages"}],"about":[{"href":"https:\/\/www.eugeniobrito.cl\/map-cl\/wp-json\/wp\/v2\/types\/page"}],"author":[{"embeddable":true,"href":"https:\/\/www.eugeniobrito.cl\/map-cl\/wp-json\/wp\/v2\/users\/1"}],"replies":[{"embeddable":true,"href":"https:\/\/www.eugeniobrito.cl\/map-cl\/wp-json\/wp\/v2\/comments?post=5188"}],"version-history":[{"count":2,"href":"https:\/\/www.eugeniobrito.cl\/map-cl\/wp-json\/wp\/v2\/pages\/5188\/revisions"}],"predecessor-version":[{"id":5195,"href":"https:\/\/www.eugeniobrito.cl\/map-cl\/wp-json\/wp\/v2\/pages\/5188\/revisions\/5195"}],"wp:attachment":[{"href":"https:\/\/www.eugeniobrito.cl\/map-cl\/wp-json\/wp\/v2\/media?parent=5188"}],"curies":[{"name":"wp","href":"https:\/\/api.w.org\/{rel}","templated":true}]}}