{"id":5251,"date":"2022-09-12T01:34:11","date_gmt":"2022-09-12T01:34:11","guid":{"rendered":"https:\/\/www.eugeniobrito.cl\/inicio\/"},"modified":"2023-12-11T08:14:06","modified_gmt":"2023-12-11T08:14:06","slug":"inicio","status":"publish","type":"page","link":"https:\/\/www.eugeniobrito.cl\/map-cl\/","title":{"rendered":"Inicio"},"content":{"rendered":"<section class=\"l-section wpb_row height_auto width_full\"><div class=\"l-section-h i-cf\"><div class=\"g-cols vc_row via_grid cols_1 laptops-cols_inherit tablets-cols_inherit mobiles-cols_1 valign_top type_default stacking_default\"><div class=\"wpb_column vc_column_container\"><div class=\"vc_column-inner\"><div class=\"w-post-elm post_image has_ratio\"><div style=\"padding-bottom:42.8571%\"><\/div><img loading=\"lazy\" decoding=\"async\" width=\"2034\" height=\"2560\" src=\"https:\/\/www.eugeniobrito.cl\/wp-content\/uploads\/2023\/11\/40.jpg\" class=\"attachment-full size-full wp-post-image\" alt=\"\" srcset=\"https:\/\/www.eugeniobrito.cl\/wp-content\/uploads\/2023\/11\/40.jpg 2034w, https:\/\/www.eugeniobrito.cl\/wp-content\/uploads\/2023\/11\/40-238x300.jpg 238w, https:\/\/www.eugeniobrito.cl\/wp-content\/uploads\/2023\/11\/40-814x1024.jpg 814w\" sizes=\"auto, (max-width: 2034px) 100vw, 2034px\" \/><\/div><\/div><\/div><\/div><\/div><\/section><section class=\"l-section wpb_row height_medium\"><div class=\"l-section-h i-cf\"><div class=\"g-cols vc_row via_grid cols_1 laptops-cols_inherit tablets-cols_inherit mobiles-cols_1 valign_top type_default stacking_default\"><div class=\"wpb_column vc_column_container\"><div class=\"vc_column-inner\"><div class=\"wpb_text_column us_custom_4f24afa8\"><div class=\"wpb_wrapper\"><h2 style=\"text-align: center;\">Vida y Obra del artista Eugenio Brito 1928-1984<\/h2>\n<\/div><\/div><div class=\"w-grid type_grid layout_4956 cols_3\" id=\"us_grid_1\" style=\"--gap:1.5rem;\"><style>@media (max-width:1024px){#us_grid_1 .w-grid-list{margin:0}#us_grid_1 .w-grid-item{width:100%;padding:0;margin-bottom:var(--gap,0px)}}@media (max-width:600px){#us_grid_1 .w-grid-list{margin:0}#us_grid_1 .w-grid-item{width:100%;padding:0;margin-bottom:var(--gap,0px)}}.layout_4956 .w-grid-item-h{}.layout_4956 .usg_post_title_1{font-size:1rem!important;font-family:var(--font-family)!important;font-weight:700!important;margin-top:0.75rem!important}<\/style><div class=\"w-grid-list\">\t<article class=\"w-grid-item size_1x1 post-5273 page type-page status-publish has-post-thumbnail hentry\" data-id=\"5273\">\r\n\t\t<div class=\"w-grid-item-h\">\r\n\t\t\t\t\t\t<div class=\"w-post-elm post_image usg_post_image_1 has_ratio\"><div style=\"padding-bottom:100%\"><\/div><a href=\"https:\/\/www.eugeniobrito.cl\/map-cl\/archifu\/\" aria-label=\"Archifu\"><img loading=\"lazy\" decoding=\"async\" width=\"1024\" height=\"721\" src=\"https:\/\/www.eugeniobrito.cl\/wp-content\/uploads\/2023\/12\/CQZ3857-1024x721.jpg\" class=\"attachment-large size-large wp-post-image\" alt=\"\" srcset=\"https:\/\/www.eugeniobrito.cl\/wp-content\/uploads\/2023\/12\/CQZ3857-1024x721.jpg 1024w, https:\/\/www.eugeniobrito.cl\/wp-content\/uploads\/2023\/12\/CQZ3857-300x211.jpg 300w\" sizes=\"auto, (max-width: 1024px) 100vw, 1024px\" \/><\/a><\/div><h3 class=\"w-post-elm post_title usg_post_title_1 align_center entry-title color_link_inherit\"><a href=\"https:\/\/www.eugeniobrito.cl\/map-cl\/archifu\/\">Archifu<\/a><\/h3>\t\t<\/div>\r\n\t<\/article>\r\n\t<article class=\"w-grid-item size_1x1 post-5267 page type-page status-publish has-post-thumbnail hentry\" data-id=\"5267\">\r\n\t\t<div class=\"w-grid-item-h\">\r\n\t\t\t\t\t\t<div class=\"w-post-elm post_image usg_post_image_1 has_ratio\"><div style=\"padding-bottom:100%\"><\/div><a href=\"https:\/\/www.eugeniobrito.cl\/map-cl\/filke-dungu-ni-entuel-chew-ni-miawmum\/\" aria-label=\"Filke dungu \u00f1i entuel chew \u00f1i miawmum\"><img loading=\"lazy\" decoding=\"async\" width=\"716\" height=\"570\" src=\"https:\/\/www.eugeniobrito.cl\/wp-content\/uploads\/2023\/11\/IMAGE0010-2.jpg\" class=\"attachment-large size-large wp-post-image\" alt=\"\" srcset=\"https:\/\/www.eugeniobrito.cl\/wp-content\/uploads\/2023\/11\/IMAGE0010-2.jpg 716w, https:\/\/www.eugeniobrito.cl\/wp-content\/uploads\/2023\/11\/IMAGE0010-2-300x239.jpg 300w\" sizes=\"auto, (max-width: 716px) 100vw, 716px\" \/><\/a><\/div><h3 class=\"w-post-elm post_title usg_post_title_1 align_center entry-title color_link_inherit\"><a href=\"https:\/\/www.eugeniobrito.cl\/map-cl\/filke-dungu-ni-entuel-chew-ni-miawmum\/\">Filke dungu \u00f1i entuel chew \u00f1i miawmum<\/a><\/h3>\t\t<\/div>\r\n\t<\/article>\r\n\t<article class=\"w-grid-item size_1x1 post-4782 page type-page status-publish has-post-thumbnail hentry\" data-id=\"4782\">\r\n\t\t<div class=\"w-grid-item-h\">\r\n\t\t\t\t\t\t<div class=\"w-post-elm post_image usg_post_image_1 has_ratio\"><div style=\"padding-bottom:100%\"><\/div><a href=\"https:\/\/www.eugeniobrito.cl\/map-cl\/chem-chumun-ni-mongen-mew\/\" aria-label=\"Chem chum\u00fcn \u00f1i mongen mew\"><img loading=\"lazy\" decoding=\"async\" width=\"1024\" height=\"661\" src=\"https:\/\/www.eugeniobrito.cl\/wp-content\/uploads\/2022\/09\/IMAGE0009-1024x661.jpg\" class=\"attachment-large size-large wp-post-image\" alt=\"\" srcset=\"https:\/\/www.eugeniobrito.cl\/wp-content\/uploads\/2022\/09\/IMAGE0009-1024x661.jpg 1024w, https:\/\/www.eugeniobrito.cl\/wp-content\/uploads\/2022\/09\/IMAGE0009-300x194.jpg 300w, https:\/\/www.eugeniobrito.cl\/wp-content\/uploads\/2022\/09\/IMAGE0009.jpg 1928w\" sizes=\"auto, (max-width: 1024px) 100vw, 1024px\" \/><\/a><\/div><h3 class=\"w-post-elm post_title usg_post_title_1 align_center entry-title color_link_inherit\"><a href=\"https:\/\/www.eugeniobrito.cl\/map-cl\/chem-chumun-ni-mongen-mew\/\">Chem chum\u00fcn \u00f1i mongen mew<\/a><\/h3>\t\t<\/div>\r\n\t<\/article>\r\n<\/div><div class=\"w-grid-preloader\"><div class=\"g-preloader type_1\">\r\n\t<div><\/div>\r\n<\/div>\r\n<\/div>\t<div class=\"w-grid-json hidden\" onclick='return {&quot;action&quot;:&quot;us_ajax_grid&quot;,&quot;ajax_url&quot;:&quot;https:\\\/\\\/www.eugeniobrito.cl\\\/wp-admin\\\/admin-ajax.php&quot;,&quot;infinite_scroll&quot;:0,&quot;max_num_pages&quot;:1,&quot;pagination&quot;:&quot;none&quot;,&quot;permalink_url&quot;:&quot;https:\\\/\\\/www.eugeniobrito.cl\\\/map-cl\\\/wp-json\\\/wp\\\/v2\\\/pages\\\/5251\\\/&quot;,&quot;template_vars&quot;:{&quot;columns&quot;:&quot;3&quot;,&quot;exclude_items&quot;:&quot;none&quot;,&quot;img_size&quot;:&quot;default&quot;,&quot;ignore_items_size&quot;:0,&quot;items_layout&quot;:&quot;4956&quot;,&quot;items_offset&quot;:&quot;1&quot;,&quot;load_animation&quot;:&quot;none&quot;,&quot;overriding_link&quot;:&quot;%7B%22url%22%3A%22%22%7D&quot;,&quot;post_id&quot;:0,&quot;query_args&quot;:{&quot;ignore_sticky_posts&quot;:1,&quot;post_type&quot;:&quot;any&quot;,&quot;post__in&quot;:[&quot;4138&quot;,&quot;4786&quot;,&quot;535&quot;],&quot;posts_per_page&quot;:&quot;6&quot;},&quot;orderby_query_args&quot;:{&quot;orderby&quot;:{&quot;date&quot;:&quot;DESC&quot;}},&quot;type&quot;:&quot;grid&quot;,&quot;us_grid_ajax_index&quot;:1,&quot;us_grid_filter_params&quot;:null,&quot;us_grid_index&quot;:1,&quot;_us_grid_post_type&quot;:&quot;ids&quot;,&quot;page_args&quot;:[],&quot;lang&quot;:&quot;map-cl&quot;}}'><\/div>\r\n\t<\/div><\/div><\/div><\/div><\/div><\/section><section class=\"l-section wpb_row height_medium\"><div class=\"l-section-h i-cf\"><div class=\"g-cols vc_row via_grid cols_1 laptops-cols_inherit tablets-cols_inherit mobiles-cols_1 valign_top type_default stacking_default\"><div class=\"wpb_column vc_column_container\"><div class=\"vc_column-inner\"><div class=\"wpb_text_column us_custom_4f24afa8\"><div class=\"wpb_wrapper\"><h2 style=\"text-align: center;\">Ta\u00f1i K\u00fcdaw<\/h2>\n<\/div><\/div><div class=\"w-grid type_carousel layout_5255 cols_4\" id=\"us_grid_2\" style=\"--gap:1rem;\"><style>.layout_5255 .w-grid-item-h{}.layout_5255 .usg_post_title_1{font-size:1rem!important;font-family:var(--font-family)!important;font-weight:700!important;margin-top:0.75rem!important}.layout_5255 .usg_vwrapper_1{padding:2rem!important;background:var(--color-content-bg-alt)!important}<\/style><div class=\"w-grid-list owl-carousel navstyle_circle navpos_outside with_dots\" style=\"--arrows-size:1.8rem;\">\t<div class=\"w-grid-item type_term term-141 term-dewman-adentun-map-cl ratio_1x1\">\r\n\t\t<div class=\"w-grid-item-h\">\r\n\t\t\t\t\t\t<div class=\"w-vwrapper usg_vwrapper_1 align_none valign_top\"><h3 class=\"w-post-elm post_title usg_post_title_1 align_center entry-title color_link_inherit\"><a href=\"https:\/\/www.eugeniobrito.cl\/map-cl\/archivos\/dewman-adentun-map-cl\/\">Dewman adentun<\/a><\/h3><\/div>\t\t<\/div>\r\n\t<\/div>\r\n\t<div class=\"w-grid-item type_term term-137 term-kowkulechi-tulwe-map-cl ratio_1x1\">\r\n\t\t<div class=\"w-grid-item-h\">\r\n\t\t\t\t\t\t<div class=\"w-vwrapper usg_vwrapper_1 align_none valign_top\"><h3 class=\"w-post-elm post_title usg_post_title_1 align_center entry-title color_link_inherit\"><a href=\"https:\/\/www.eugeniobrito.cl\/map-cl\/archivos\/kowkulechi-tulwe-map-cl\/\">Kowk\u00fclechi tulwe<\/a><\/h3><\/div>\t\t<\/div>\r\n\t<\/div>\r\n\t<div class=\"w-grid-item type_term term-212 term-ngulernakumunmu-wirikunukelu-map-cl ratio_1x1\">\r\n\t\t<div class=\"w-grid-item-h\">\r\n\t\t\t\t\t\t<div class=\"w-vwrapper usg_vwrapper_1 align_none valign_top\"><h3 class=\"w-post-elm post_title usg_post_title_1 align_center entry-title color_link_inherit\"><a href=\"https:\/\/www.eugeniobrito.cl\/map-cl\/archivos\/ngulernakumunmu-wirikunukelu-map-cl\/\">Ng\u00fclernak\u00fcm\u00fcnmu wirik\u00fcnukelu<\/a><\/h3><\/div>\t\t<\/div>\r\n\t<\/div>\r\n\t<div class=\"w-grid-item type_term term-264 term-objetos-intervenidos-map-cl-2 ratio_1x1\">\r\n\t\t<div class=\"w-grid-item-h\">\r\n\t\t\t\t\t\t<div class=\"w-vwrapper usg_vwrapper_1 align_none valign_top\"><h3 class=\"w-post-elm post_title usg_post_title_1 align_center entry-title color_link_inherit\"><a href=\"https:\/\/www.eugeniobrito.cl\/map-cl\/archivos\/objetos-intervenidos-map-cl-2\/\">Objetos intervenidos<\/a><\/h3><\/div>\t\t<\/div>\r\n\t<\/div>\r\n\t<div class=\"w-grid-item type_term term-253 term-trafla-rakum-mew-dewchi-adentun-map-cl ratio_1x1\">\r\n\t\t<div class=\"w-grid-item-h\">\r\n\t\t\t\t\t\t<div class=\"w-vwrapper usg_vwrapper_1 align_none valign_top\"><h3 class=\"w-post-elm post_title usg_post_title_1 align_center entry-title color_link_inherit\"><a href=\"https:\/\/www.eugeniobrito.cl\/map-cl\/archivos\/trafla-rakum-mew-dewchi-adentun-map-cl\/\">Trafla rak\u00fcm mew dewchi adentun<\/a><\/h3><\/div>\t\t<\/div>\r\n\t<\/div>\r\n\t<div class=\"w-grid-item type_term term-235 term-widukan ratio_1x1\">\r\n\t\t<div class=\"w-grid-item-h\">\r\n\t\t\t\t\t\t<div class=\"w-vwrapper usg_vwrapper_1 align_none valign_top\"><h3 class=\"w-post-elm post_title usg_post_title_1 align_center entry-title color_link_inherit\"><a href=\"https:\/\/www.eugeniobrito.cl\/map-cl\/archivos\/widukan\/\">Wid\u00fckan<\/a><\/h3><\/div>\t\t<\/div>\r\n\t<\/div>\r\n\t<div class=\"w-grid-item type_term term-275 term-wirintuku-adentun ratio_1x1\">\r\n\t\t<div class=\"w-grid-item-h\">\r\n\t\t\t\t\t\t<div class=\"w-vwrapper usg_vwrapper_1 align_none valign_top\"><h3 class=\"w-post-elm post_title usg_post_title_1 align_center entry-title color_link_inherit\"><a href=\"https:\/\/www.eugeniobrito.cl\/map-cl\/archivos\/wirintuku-adentun\/\">Wirintuku adentun<\/a><\/h3><\/div>\t\t<\/div>\r\n\t<\/div>\r\n<\/div><div class=\"g-preloader type_1\">\r\n\t<div><\/div>\r\n<\/div>\r\n\t<div class=\"w-grid-json hidden\" onclick='return {&quot;action&quot;:&quot;us_ajax_grid&quot;,&quot;ajax_url&quot;:&quot;https:\\\/\\\/www.eugeniobrito.cl\\\/wp-admin\\\/admin-ajax.php&quot;,&quot;infinite_scroll&quot;:0,&quot;max_num_pages&quot;:0,&quot;pagination&quot;:&quot;none&quot;,&quot;permalink_url&quot;:&quot;https:\\\/\\\/www.eugeniobrito.cl\\\/map-cl\\\/wp-json\\\/wp\\\/v2\\\/pages\\\/5251\\\/&quot;,&quot;template_vars&quot;:{&quot;columns&quot;:&quot;4&quot;,&quot;exclude_items&quot;:&quot;none&quot;,&quot;img_size&quot;:&quot;default&quot;,&quot;ignore_items_size&quot;:0,&quot;items_layout&quot;:&quot;5255&quot;,&quot;items_offset&quot;:&quot;1&quot;,&quot;load_animation&quot;:&quot;none&quot;,&quot;overriding_link&quot;:&quot;%7B%22url%22%3A%22%22%7D&quot;,&quot;post_id&quot;:0,&quot;query_args&quot;:false,&quot;orderby_query_args&quot;:{&quot;orderby&quot;:{&quot;date&quot;:&quot;DESC&quot;}},&quot;type&quot;:&quot;carousel&quot;,&quot;us_grid_ajax_index&quot;:2,&quot;us_grid_filter_params&quot;:null,&quot;us_grid_index&quot;:2,&quot;_us_grid_post_type&quot;:&quot;taxonomy_terms&quot;,&quot;page_args&quot;:[],&quot;lang&quot;:&quot;map-cl&quot;},&quot;carousel_settings&quot;:{&quot;autoHeight&quot;:0,&quot;autoplay&quot;:0,&quot;carousel_fade&quot;:0,&quot;center&quot;:0,&quot;dots&quot;:1,&quot;items&quot;:&quot;4&quot;,&quot;loop&quot;:false,&quot;nav&quot;:1,&quot;slideby&quot;:&quot;1&quot;,&quot;smooth_play&quot;:0,&quot;speed&quot;:250,&quot;timeout&quot;:3000,&quot;transition&quot;:&quot;&quot;,&quot;aria_labels&quot;:{&quot;prev&quot;:&quot;Previous&quot;,&quot;next&quot;:&quot;Next&quot;}},&quot;carousel_breakpoints&quot;:{&quot;0&quot;:{&quot;autoHeight&quot;:0,&quot;autoplay&quot;:1,&quot;autoplayHoverPause&quot;:1,&quot;items&quot;:1,&quot;loop&quot;:true,&quot;stagePadding&quot;:0},&quot;601&quot;:{&quot;autoHeight&quot;:0,&quot;autoplay&quot;:1,&quot;autoplayHoverPause&quot;:1,&quot;items&quot;:2,&quot;loop&quot;:false,&quot;stagePadding&quot;:0},&quot;1025&quot;:{&quot;autoHeight&quot;:0,&quot;autoplay&quot;:1,&quot;autoplayHoverPause&quot;:1,&quot;items&quot;:4,&quot;loop&quot;:false,&quot;stagePadding&quot;:0},&quot;1281&quot;:{&quot;items&quot;:4,&quot;stagePadding&quot;:0}}}'><\/div>\r\n\t<\/div><\/div><\/div><\/div><\/div><\/section>\n","protected":false},"excerpt":{"rendered":"Eugenio Brito HonoratoPingefuchi wentru, dewmakey fill adentun, tulwe mew, trafla rak\u00fcm mew, ka w\u00fcd\u00fckakefuy. T\u00fcfa llegi mari kechu konchi Junio k\u00fcyen mew, ki\u00f1e warangka aylla pataka epu mari pura konchi tripantu mew. Mari meli tripantu m\u00fcten puw\u00fcl-lu llituy \u00f1i dewmafiel adentun ka m\u00fcm\u00fclkakefuy, feymu ta\u00f1i epu f\u00fctalke che tukueyu Bellas Artes chillkatuwemu, Vi\u00f1a del Mar...","protected":false},"author":1,"featured_media":1730,"parent":0,"menu_order":0,"comment_status":"closed","ping_status":"open","template":"","meta":{"footnotes":""},"class_list":["post-5251","page","type-page","status-publish","has-post-thumbnail","hentry"],"acf":[],"_links":{"self":[{"href":"https:\/\/www.eugeniobrito.cl\/map-cl\/wp-json\/wp\/v2\/pages\/5251","targetHints":{"allow":["GET"]}}],"collection":[{"href":"https:\/\/www.eugeniobrito.cl\/map-cl\/wp-json\/wp\/v2\/pages"}],"about":[{"href":"https:\/\/www.eugeniobrito.cl\/map-cl\/wp-json\/wp\/v2\/types\/page"}],"author":[{"embeddable":true,"href":"https:\/\/www.eugeniobrito.cl\/map-cl\/wp-json\/wp\/v2\/users\/1"}],"replies":[{"embeddable":true,"href":"https:\/\/www.eugeniobrito.cl\/map-cl\/wp-json\/wp\/v2\/comments?post=5251"}],"version-history":[{"count":4,"href":"https:\/\/www.eugeniobrito.cl\/map-cl\/wp-json\/wp\/v2\/pages\/5251\/revisions"}],"predecessor-version":[{"id":5259,"href":"https:\/\/www.eugeniobrito.cl\/map-cl\/wp-json\/wp\/v2\/pages\/5251\/revisions\/5259"}],"wp:featuredmedia":[{"embeddable":true,"href":"https:\/\/www.eugeniobrito.cl\/map-cl\/wp-json\/wp\/v2\/media\/1730"}],"wp:attachment":[{"href":"https:\/\/www.eugeniobrito.cl\/map-cl\/wp-json\/wp\/v2\/media?parent=5251"}],"curies":[{"name":"wp","href":"https:\/\/api.w.org\/{rel}","templated":true}]}}