{"id":5273,"date":"2023-12-10T16:20:03","date_gmt":"2023-12-10T16:20:03","guid":{"rendered":"https:\/\/www.eugeniobrito.cl\/archifu\/"},"modified":"2023-12-11T08:46:09","modified_gmt":"2023-12-11T08:46:09","slug":"archifu","status":"publish","type":"page","link":"https:\/\/www.eugeniobrito.cl\/map-cl\/archifu\/","title":{"rendered":"Archifu"},"content":{"rendered":"<section class=\"l-section wpb_row height_medium\"><div class=\"l-section-h i-cf\"><div class=\"g-cols vc_row via_grid cols_1 laptops-cols_inherit tablets-cols_inherit mobiles-cols_1 valign_top type_default stacking_default\"><div class=\"wpb_column vc_column_container\"><div class=\"vc_column-inner\"><h1 class=\"w-post-elm post_title entry-title color_link_inherit\">Archifu<\/h1><div class=\"w-grid type_masonry layout_4811 cols_3 with_pagination with_isotope\" id=\"us_grid_1\" style=\"--gap:1rem;\" data-filterable=\"true\"><style>@media (max-width:1024px){#us_grid_1 .w-grid-item{width:50%}}@media (max-width:600px){#us_grid_1 .w-grid-item{width:50%}}.layout_4811 .w-grid-item-h{}.layout_4811 .usg_post_title_1{font-size:0.85rem!important;line-height:1.2!important}.layout_4811 .usg_vwrapper_1{background:#f2f1eb!important;padding:1rem 1rem 1.5rem 1rem!important}.layout_4811 .usg_post_taxonomy_1{font-size:0.65rem!important;letter-spacing:0.04rem!important;text-transform:uppercase!important}<\/style><div class=\"w-grid-list\">\t<article class=\"w-grid-item size_1x1 post-4755 archivo type-archivo status-publish has-post-thumbnail hentry tipos-beca-europa-map-cl\" data-id=\"4755\">\r\n\t\t<div class=\"w-grid-item-h\">\r\n\t\t\t\t\t\t<div class=\"w-post-elm post_image usg_post_image_1 stretched\"><a href=\"https:\/\/www.eugeniobrito.cl\/map-cl\/archivo\/wirintuku\/\" aria-label=\"Wirintuku\"><img loading=\"lazy\" decoding=\"async\" width=\"273\" height=\"401\" src=\"https:\/\/www.eugeniobrito.cl\/wp-content\/uploads\/2023\/12\/C-ITALIA-6.jpg\" class=\"attachment-large size-large wp-post-image\" alt=\"\" srcset=\"https:\/\/www.eugeniobrito.cl\/wp-content\/uploads\/2023\/12\/C-ITALIA-6.jpg 273w, https:\/\/www.eugeniobrito.cl\/wp-content\/uploads\/2023\/12\/C-ITALIA-6-204x300.jpg 204w\" sizes=\"auto, (max-width: 273px) 100vw, 273px\" \/><\/a><\/div><div class=\"w-vwrapper usg_vwrapper_1 align_none valign_top\" style=\"--vwrapper-gap:0.2rem\"><p class=\"w-post-elm post_title usg_post_title_1 entry-title color_link_inherit\"><a href=\"https:\/\/www.eugeniobrito.cl\/map-cl\/archivo\/wirintuku\/\">Wirintuku<\/a><\/p><div class=\"w-post-elm post_taxonomy usg_post_taxonomy_1 style_simple color_link_inherit\"><a class=\"term-163 term-beca-europa-map-cl\" href=\"https:\/\/www.eugeniobrito.cl\/map-cl\/tipos\/beca-europa-map-cl\/\">Beca Europa<\/a><\/div><\/div>\t\t<\/div>\r\n\t<\/article>\r\n<\/div><div class=\"w-grid-preloader\"><div class=\"g-preloader type_1\">\r\n\t<div><\/div>\r\n<\/div>\r\n<\/div>\t<div class=\"w-grid-json hidden\" onclick='return {&quot;action&quot;:&quot;us_ajax_grid&quot;,&quot;ajax_url&quot;:&quot;https:\\\/\\\/www.eugeniobrito.cl\\\/wp-admin\\\/admin-ajax.php&quot;,&quot;infinite_scroll&quot;:0,&quot;max_num_pages&quot;:1,&quot;pagination&quot;:&quot;regular&quot;,&quot;permalink_url&quot;:&quot;https:\\\/\\\/www.eugeniobrito.cl\\\/map-cl\\\/wp-json\\\/wp\\\/v2\\\/pages\\\/5273\\\/&quot;,&quot;template_vars&quot;:{&quot;columns&quot;:&quot;3&quot;,&quot;exclude_items&quot;:&quot;none&quot;,&quot;img_size&quot;:&quot;default&quot;,&quot;ignore_items_size&quot;:0,&quot;items_layout&quot;:&quot;4811&quot;,&quot;items_offset&quot;:&quot;1&quot;,&quot;load_animation&quot;:&quot;none&quot;,&quot;overriding_link&quot;:&quot;%7B%22url%22%3A%22%22%7D&quot;,&quot;post_id&quot;:0,&quot;query_args&quot;:{&quot;post_type&quot;:[&quot;archivo&quot;],&quot;post_status&quot;:[&quot;publish&quot;,&quot;acf-disabled&quot;],&quot;posts_per_page&quot;:&quot;10&quot;},&quot;orderby_query_args&quot;:{&quot;orderby&quot;:{&quot;date&quot;:&quot;DESC&quot;}},&quot;type&quot;:&quot;masonry&quot;,&quot;us_grid_ajax_index&quot;:1,&quot;us_grid_filter_params&quot;:null,&quot;us_grid_index&quot;:1,&quot;_us_grid_post_type&quot;:&quot;archivo&quot;,&quot;page_args&quot;:[],&quot;lang&quot;:&quot;map-cl&quot;}}'><\/div>\r\n\t<\/div><\/div><\/div><\/div><\/div><\/section>\n","protected":false},"excerpt":{"rendered":"Pietro della Francesca: T\u00fcfachi wentru ta doy newen witra\u00f1p\u00fcramfi ta\u00f1i pu traf pu artista, kom pu wellin chew \u00f1i m\u00fclemum \u00f1i dewman adentun, Iglesia san Francisco de Arezzo ka pu museumu rume ay\u00fc\u00f1mangekey ta\u00f1i k\u00fcdaw. Fente k\u00fcme ad inawentu zewman adentuley ta Pietro della Francesca, ta\u00f1i lelingeaelmu k\u00fcme duami reke ta\u00f1i nge ta che pefilu...","protected":false},"author":1,"featured_media":3964,"parent":0,"menu_order":0,"comment_status":"closed","ping_status":"closed","template":"","meta":{"footnotes":""},"class_list":["post-5273","page","type-page","status-publish","has-post-thumbnail","hentry"],"acf":[],"_links":{"self":[{"href":"https:\/\/www.eugeniobrito.cl\/map-cl\/wp-json\/wp\/v2\/pages\/5273","targetHints":{"allow":["GET"]}}],"collection":[{"href":"https:\/\/www.eugeniobrito.cl\/map-cl\/wp-json\/wp\/v2\/pages"}],"about":[{"href":"https:\/\/www.eugeniobrito.cl\/map-cl\/wp-json\/wp\/v2\/types\/page"}],"author":[{"embeddable":true,"href":"https:\/\/www.eugeniobrito.cl\/map-cl\/wp-json\/wp\/v2\/users\/1"}],"replies":[{"embeddable":true,"href":"https:\/\/www.eugeniobrito.cl\/map-cl\/wp-json\/wp\/v2\/comments?post=5273"}],"version-history":[{"count":1,"href":"https:\/\/www.eugeniobrito.cl\/map-cl\/wp-json\/wp\/v2\/pages\/5273\/revisions"}],"predecessor-version":[{"id":5274,"href":"https:\/\/www.eugeniobrito.cl\/map-cl\/wp-json\/wp\/v2\/pages\/5273\/revisions\/5274"}],"wp:featuredmedia":[{"embeddable":true,"href":"https:\/\/www.eugeniobrito.cl\/map-cl\/wp-json\/wp\/v2\/media\/3964"}],"wp:attachment":[{"href":"https:\/\/www.eugeniobrito.cl\/map-cl\/wp-json\/wp\/v2\/media?parent=5273"}],"curies":[{"name":"wp","href":"https:\/\/api.w.org\/{rel}","templated":true}]}}